{"id":675,"date":"2019-09-27T17:09:59","date_gmt":"2019-09-27T15:09:59","guid":{"rendered":"http:\/\/lesmundalettes.net\/?page_id=675"},"modified":"2020-03-06T22:17:36","modified_gmt":"2020-03-06T21:17:36","slug":"arpege","status":"publish","type":"page","link":"https:\/\/lesmundalettes.net\/?page_id=675","title":{"rendered":"Les Arp\u00e8ges"},"content":{"rendered":"\n<h3 class=\"wp-block-heading\">D\u00e9finition<\/h3>\n\n\n\n<p>En musique, un arp\u00e8ge est une s\u00e9rie de notes \u00e9mises successivement et qui, consid\u00e9r\u00e9es ensemble, forment un accord. <br><br>Les arp\u00e8ges sont tr\u00e8s efficaces dans le cadre de l\u2019improvisation.<br><br>En toute logique la forme de l\u2019arp\u00e8ge d\u2019un accord va d\u00e9pendre du type de l\u2019accord en question (Majeur, Mineur, Majeur 7, etc) puisque les intervalles qui le composent seront diff\u00e9rents. <br><br>Nous voyons ci-dessous les arp\u00e8ges pour les accords de type Majeur et Mineur. <\/p>\n\n\n\n<figure class=\"wp-block-image size-large\"><img loading=\"lazy\" decoding=\"async\" width=\"1024\" height=\"239\" src=\"https:\/\/lesmundalettes.net\/wp-content\/uploads\/2020\/03\/Arpege_manche_Majeur-0.4-1024x239.png\" alt=\"\" class=\"wp-image-846\" srcset=\"https:\/\/lesmundalettes.net\/wp-content\/uploads\/2020\/03\/Arpege_manche_Majeur-0.4-1024x239.png 1024w, https:\/\/lesmundalettes.net\/wp-content\/uploads\/2020\/03\/Arpege_manche_Majeur-0.4-300x70.png 300w, https:\/\/lesmundalettes.net\/wp-content\/uploads\/2020\/03\/Arpege_manche_Majeur-0.4-768x180.png 768w, https:\/\/lesmundalettes.net\/wp-content\/uploads\/2020\/03\/Arpege_manche_Majeur-0.4-1536x359.png 1536w, https:\/\/lesmundalettes.net\/wp-content\/uploads\/2020\/03\/Arpege_manche_Majeur-0.4.png 1574w\" sizes=\"auto, (max-width: 1024px) 100vw, 1024px\" \/><\/figure>\n\n\n\n<figure class=\"wp-block-image\"><img loading=\"lazy\" decoding=\"async\" width=\"1024\" height=\"233\" src=\"https:\/\/lesmundalettes.net\/wp-content\/uploads\/2019\/09\/Arpege_manche_Mineur-0.1-1024x233.png\" alt=\"\" class=\"wp-image-677\" srcset=\"https:\/\/lesmundalettes.net\/wp-content\/uploads\/2019\/09\/Arpege_manche_Mineur-0.1-1024x233.png 1024w, https:\/\/lesmundalettes.net\/wp-content\/uploads\/2019\/09\/Arpege_manche_Mineur-0.1-300x68.png 300w, https:\/\/lesmundalettes.net\/wp-content\/uploads\/2019\/09\/Arpege_manche_Mineur-0.1-768x175.png 768w, https:\/\/lesmundalettes.net\/wp-content\/uploads\/2019\/09\/Arpege_manche_Mineur-0.1.png 1288w\" sizes=\"auto, (max-width: 1024px) 100vw, 1024px\" \/><\/figure>\n\n\n\n<hr class=\"wp-block-separator\"\/>\n\n\n\n<h3 class=\"wp-block-heading\">Exercice<\/h3>\n\n\n\n<p>Afin de pouvoir pratiquer ces arp\u00e8ges, 3 pistes sonores ont \u00e9t\u00e9 cr\u00e9\u00e9es.<\/p>\n\n\n\n<ol class=\"wp-block-list\"><li>La premi\u00e8re est un accord de Do Majeur en boucle (pour travailler l\u2019arp\u00e8ge Majeur) <\/li><li>La seconde est un accord de La Mineur en boucle (pour travailler l\u2019arp\u00e8ge Mineur) <\/li><li>La troisi\u00e8me est une suite d\u2019accords (C&nbsp;&nbsp; Am&nbsp;&nbsp; G&nbsp;&nbsp; F), th\u00e8me de Prince &#8211; Purple Rain (pour travailler le m\u00e9lange d\u2019arp\u00e8ge Majeur et Mineur) <\/li><\/ol>\n\n\n\n<figure class=\"wp-block-audio\"><audio controls src=\"https:\/\/lesmundalettes.net\/wp-content\/uploads\/2019\/09\/Loop-C-0.2.mp3\"><\/audio><figcaption>Loop   C<\/figcaption><\/figure>\n\n\n\n<figure class=\"wp-block-audio\"><audio controls src=\"https:\/\/lesmundalettes.net\/wp-content\/uploads\/2019\/09\/Loop-Am-0.1.mp3\"><\/audio><figcaption>Loop   A<\/figcaption><\/figure>\n\n\n\n<figure class=\"wp-block-audio\"><audio controls src=\"https:\/\/lesmundalettes.net\/wp-content\/uploads\/2019\/09\/Loop-C_Am_G_F-0.1.mp3\"><\/audio><figcaption>Loop   C  Am  G  F<\/figcaption><\/figure>\n\n\n\n<hr class=\"wp-block-separator\"\/>\n\n\n\n<h3 class=\"wp-block-heading\">T\u00e9l\u00e9chargement<\/h3>\n\n\n\n<div class=\"wp-block-image\"><figure class=\"alignleft is-resized\"><a href=\"https:\/\/lesmundalettes.net\/wp-content\/uploads\/2020\/03\/Arpege-Majeur_Mineur-0.4.pdf\" target=\"_blank\" rel=\"noreferrer noopener\"><img loading=\"lazy\" decoding=\"async\" src=\"https:\/\/lesmundalettes.net\/wp-content\/uploads\/2019\/09\/file_document-download-arrow-512-e1568964706526.png\" alt=\"\" class=\"wp-image-601\" width=\"48\" height=\"48\"\/><\/a><figcaption>Arp\u00e8ges<\/figcaption><\/figure><\/div>\n\n\n\n<div class=\"wp-block-image\"><figure class=\"alignleft is-resized\"><a href=\"https:\/\/lesmundalettes.net\/wp-content\/uploads\/2019\/09\/Arpege-Loop-0.1.zip\" target=\"_blank\" rel=\"noreferrer noopener\"><img loading=\"lazy\" decoding=\"async\" src=\"https:\/\/lesmundalettes.net\/wp-content\/uploads\/2019\/09\/file_document-download-arrow-512-e1568964706526.png\" alt=\"\" class=\"wp-image-601\" width=\"48\" height=\"48\"\/><\/a><figcaption>Boucles<\/figcaption><\/figure><\/div>\n\n\n\n<p><\/p>\n","protected":false},"excerpt":{"rendered":"<p>D\u00e9finition En musique, un arp\u00e8ge est une s\u00e9rie de notes \u00e9mises successivement et qui, consid\u00e9r\u00e9es ensemble, forment un accord. Les arp\u00e8ges sont tr\u00e8s efficaces dans le cadre de l\u2019improvisation. En&hellip;<\/p>\n","protected":false},"author":1,"featured_media":0,"parent":0,"menu_order":0,"comment_status":"closed","ping_status":"closed","template":"","meta":{"footnotes":""},"class_list":["post-675","page","type-page","status-publish","hentry","no-post-thumbnail"],"_links":{"self":[{"href":"https:\/\/lesmundalettes.net\/index.php?rest_route=\/wp\/v2\/pages\/675","targetHints":{"allow":["GET"]}}],"collection":[{"href":"https:\/\/lesmundalettes.net\/index.php?rest_route=\/wp\/v2\/pages"}],"about":[{"href":"https:\/\/lesmundalettes.net\/index.php?rest_route=\/wp\/v2\/types\/page"}],"author":[{"embeddable":true,"href":"https:\/\/lesmundalettes.net\/index.php?rest_route=\/wp\/v2\/users\/1"}],"replies":[{"embeddable":true,"href":"https:\/\/lesmundalettes.net\/index.php?rest_route=%2Fwp%2Fv2%2Fcomments&post=675"}],"version-history":[{"count":0,"href":"https:\/\/lesmundalettes.net\/index.php?rest_route=\/wp\/v2\/pages\/675\/revisions"}],"wp:attachment":[{"href":"https:\/\/lesmundalettes.net\/index.php?rest_route=%2Fwp%2Fv2%2Fmedia&parent=675"}],"curies":[{"name":"wp","href":"https:\/\/api.w.org\/{rel}","templated":true}]}}