{"id":663,"date":"2019-09-25T10:35:15","date_gmt":"2019-09-25T08:35:15","guid":{"rendered":"http:\/\/lesmundalettes.net\/?page_id=663"},"modified":"2021-02-18T12:09:40","modified_gmt":"2021-02-18T11:09:40","slug":"ressources","status":"publish","type":"page","link":"https:\/\/lesmundalettes.net\/?page_id=663","title":{"rendered":"Ressources"},"content":{"rendered":"\n<p><a href=\"https:\/\/lesmundalettes.net\/wp-content\/uploads\/2019\/09\/Notes_sur_le_manche-0.1.pdf\" target=\"_blank\" rel=\"noreferrer noopener\" aria-label=\"Notes sur le manche (opens in a new tab)\">Notes sur le manche<\/a><br>Visualisation des notes sur le manche facilement imprimable<\/p>\n\n\n\n<p><a href=\"https:\/\/lesmundalettes.net\/wp-content\/uploads\/2019\/09\/Portee_vierge-0.1.pdf\" target=\"_blank\" rel=\"noreferrer noopener\" aria-label=\"Port\u00e9e vierge (opens in a new tab)\">Port\u00e9e vierge<\/a><br>Feuille A4 de port\u00e9es<\/p>\n\n\n\n<p><a href=\"https:\/\/lesmundalettes.net\/wp-content\/uploads\/2019\/09\/Grille_de_manche_vierge-0.1.pdf\" target=\"_blank\" rel=\"noreferrer noopener\" aria-label=\"Grille de manche vierge (opens in a new tab)\">Grille de manche vierge<\/a><br>Plusieurs manches vides pour \u00e9tudier notes et intervalles <\/p>\n\n\n\n<p><a href=\"https:\/\/lesmundalettes.net\/wp-content\/uploads\/2019\/09\/Grille_accord_vierge-0.1.pdf\" target=\"_blank\" rel=\"noreferrer noopener\" aria-label=\"Grille d'accord vierge (opens in a new tab)\">Grille d&rsquo;accord vierge<\/a><br>Pour noter vos accords \u00e0 la main <\/p>\n\n\n\n<p><a rel=\"noreferrer noopener\" aria-label=\" (opens in a new tab)\" href=\"https:\/\/lesmundalettes.net\/wp-content\/uploads\/2021\/02\/Gamme_Majeure-Manche_CAGED-v0.2.pdf\" target=\"_blank\">Poster Gamme Majeure sur tout le manche<\/a><br>Visualisation de la gamme Majeure et de sa version pentatonique sur tout le manche (&lsquo;blues note&rsquo; incluse)<\/p>\n\n\n\n<p><a rel=\"noreferrer noopener\" aria-label=\" (opens in a new tab)\" href=\"https:\/\/lesmundalettes.net\/wp-content\/uploads\/2021\/02\/Gamme_Mineure-Manche_CAGED-v0.3.pdf\" target=\"_blank\">Poster Gamme Mineure sur tout le manche<\/a><br>Visualisation de la gamme Mineure et de sa version pentatonique sur tout le manche (&lsquo;blues note&rsquo; incluse) <\/p>\n","protected":false},"excerpt":{"rendered":"<p>Notes sur le mancheVisualisation des notes sur le manche facilement imprimable Port\u00e9e viergeFeuille A4 de port\u00e9es Grille de manche viergePlusieurs manches vides pour \u00e9tudier notes et intervalles Grille d&rsquo;accord viergePour&hellip;<\/p>\n","protected":false},"author":1,"featured_media":0,"parent":0,"menu_order":0,"comment_status":"closed","ping_status":"closed","template":"","meta":{"footnotes":""},"class_list":["post-663","page","type-page","status-publish","hentry","no-post-thumbnail"],"_links":{"self":[{"href":"https:\/\/lesmundalettes.net\/index.php?rest_route=\/wp\/v2\/pages\/663","targetHints":{"allow":["GET"]}}],"collection":[{"href":"https:\/\/lesmundalettes.net\/index.php?rest_route=\/wp\/v2\/pages"}],"about":[{"href":"https:\/\/lesmundalettes.net\/index.php?rest_route=\/wp\/v2\/types\/page"}],"author":[{"embeddable":true,"href":"https:\/\/lesmundalettes.net\/index.php?rest_route=\/wp\/v2\/users\/1"}],"replies":[{"embeddable":true,"href":"https:\/\/lesmundalettes.net\/index.php?rest_route=%2Fwp%2Fv2%2Fcomments&post=663"}],"version-history":[{"count":0,"href":"https:\/\/lesmundalettes.net\/index.php?rest_route=\/wp\/v2\/pages\/663\/revisions"}],"wp:attachment":[{"href":"https:\/\/lesmundalettes.net\/index.php?rest_route=%2Fwp%2Fv2%2Fmedia&parent=663"}],"curies":[{"name":"wp","href":"https:\/\/api.w.org\/{rel}","templated":true}]}}