{"id":547,"date":"2019-09-15T21:43:22","date_gmt":"2019-09-15T19:43:22","guid":{"rendered":"http:\/\/lesmundalettes.net\/?page_id=547"},"modified":"2019-09-20T21:16:59","modified_gmt":"2019-09-20T19:16:59","slug":"construire-un-accord","status":"publish","type":"page","link":"https:\/\/lesmundalettes.net\/?page_id=547","title":{"rendered":"Construction d&rsquo;accord"},"content":{"rendered":"\n<h3 class=\"wp-block-heading\">Les intervalles<\/h3>\n\n\n\n<p>Un intervalle est la distance entre 2 notes. <br><br>Si on prend une note de r\u00e9f\u00e9rence, dite &lsquo;tonique&rsquo; ou &lsquo;fondamentale&rsquo; on va pouvoir situer une autre notre par rapport \u00e0 cette r\u00e9f\u00e9rence gr\u00e2ce aux intervalles.<br><br> Les intervalles permettent de construire des gammes et des accords.<\/p>\n\n\n\n<figure class=\"wp-block-image\"><img loading=\"lazy\" decoding=\"async\" width=\"831\" height=\"625\" src=\"https:\/\/lesmundalettes.net\/wp-content\/uploads\/2019\/09\/intervalles_definition-0.1.jpg\" alt=\"\" class=\"wp-image-549\" srcset=\"https:\/\/lesmundalettes.net\/wp-content\/uploads\/2019\/09\/intervalles_definition-0.1.jpg 831w, https:\/\/lesmundalettes.net\/wp-content\/uploads\/2019\/09\/intervalles_definition-0.1-300x226.jpg 300w, https:\/\/lesmundalettes.net\/wp-content\/uploads\/2019\/09\/intervalles_definition-0.1-768x578.jpg 768w\" sizes=\"auto, (max-width: 831px) 100vw, 831px\" \/><\/figure>\n\n\n\n<hr class=\"wp-block-separator\"\/>\n\n\n\n<h3 class=\"wp-block-heading\">Intervalles sur le manche<\/h3>\n\n\n\n<p>Voici la visualisation des intervalles par rapport \u00e0 une note de r\u00e9f\u00e9rence <img loading=\"lazy\" decoding=\"async\" width=\"24\" height=\"25\" class=\"wp-image-577\" style=\"width: 24px;\" src=\"https:\/\/lesmundalettes.net\/wp-content\/uploads\/2019\/09\/tonique-02.jpg\" alt=\"\">qui se situe sur chaque corde de la guitare.<\/p>\n\n\n\n<figure class=\"wp-block-image\"><img loading=\"lazy\" decoding=\"async\" width=\"939\" height=\"783\" src=\"https:\/\/lesmundalettes.net\/wp-content\/uploads\/2019\/09\/intervalles_manche-0.2.jpg\" alt=\"\" class=\"wp-image-571\" srcset=\"https:\/\/lesmundalettes.net\/wp-content\/uploads\/2019\/09\/intervalles_manche-0.2.jpg 939w, https:\/\/lesmundalettes.net\/wp-content\/uploads\/2019\/09\/intervalles_manche-0.2-300x250.jpg 300w, https:\/\/lesmundalettes.net\/wp-content\/uploads\/2019\/09\/intervalles_manche-0.2-768x640.jpg 768w\" sizes=\"auto, (max-width: 939px) 100vw, 939px\" \/><\/figure>\n\n\n\n<hr class=\"wp-block-separator\"\/>\n\n\n\n<h3 class=\"wp-block-heading\">Formules d&rsquo;accord<\/h3>\n\n\n\n<p>Les accords sont compos\u00e9s de plusieurs notes.<br>Un type d&rsquo;accord d\u00e9pend des intervalles utilis\u00e9s par rapport \u00e0 une note de r\u00e9f\u00e9rence.<br>La formule des accords les plus courants est list\u00e9e ci-dessous.<\/p>\n\n\n\n<figure class=\"wp-block-image\"><img loading=\"lazy\" decoding=\"async\" width=\"981\" height=\"688\" src=\"https:\/\/lesmundalettes.net\/wp-content\/uploads\/2019\/09\/accords_definition-0.1.jpg\" alt=\"\" class=\"wp-image-550\" srcset=\"https:\/\/lesmundalettes.net\/wp-content\/uploads\/2019\/09\/accords_definition-0.1.jpg 981w, https:\/\/lesmundalettes.net\/wp-content\/uploads\/2019\/09\/accords_definition-0.1-300x210.jpg 300w, https:\/\/lesmundalettes.net\/wp-content\/uploads\/2019\/09\/accords_definition-0.1-768x539.jpg 768w\" sizes=\"auto, (max-width: 981px) 100vw, 981px\" \/><\/figure>\n\n\n\n<hr class=\"wp-block-separator\"\/>\n\n\n\n<h3 class=\"wp-block-heading\">Sch\u00e9ma du manche<\/h3>\n\n\n\n<p>Voici comment les notes sont r\u00e9parties sur le manche en accordage standard EADGBE<\/p>\n\n\n\n<figure class=\"wp-block-image is-resized\"><img loading=\"lazy\" decoding=\"async\" src=\"https:\/\/lesmundalettes.net\/wp-content\/uploads\/2019\/09\/Note-Diagram-1024x350-1024x350.png\" alt=\"\" class=\"wp-image-617\" width=\"780\" height=\"267\" srcset=\"https:\/\/lesmundalettes.net\/wp-content\/uploads\/2019\/09\/Note-Diagram-1024x350.png 1024w, https:\/\/lesmundalettes.net\/wp-content\/uploads\/2019\/09\/Note-Diagram-1024x350-300x103.png 300w, https:\/\/lesmundalettes.net\/wp-content\/uploads\/2019\/09\/Note-Diagram-1024x350-768x263.png 768w\" sizes=\"auto, (max-width: 780px) 100vw, 780px\" \/><\/figure>\n\n\n\n<hr class=\"wp-block-separator\"\/>\n\n\n\n<h3 class=\"wp-block-heading\">La recette<\/h3>\n\n\n\n<p>Nous avons tous les ingr\u00e9dients, voici comment construire n&rsquo;importe quel accord.<\/p>\n\n\n\n<ul class=\"wp-block-list\"><li>on choisit une note de r\u00e9f\u00e9rence (tonique) et donc la corde o\u00f9 elle se trouve<\/li><li>on prend la formule de l&rsquo;accord \u00e0 construire<\/li><li>on cherche les intervalles qui composent l&rsquo;accord<\/li><li>on d\u00e9termine un doigt\u00e9  appropri\u00e9  pour accomoder les diff\u00e9rentes notes en question<\/li><\/ul>\n\n\n\n<hr class=\"wp-block-separator\"\/>\n\n\n\n<h3 class=\"wp-block-heading\">T\u00e9l\u00e9chargement<\/h3>\n\n\n\n<div class=\"wp-block-image\"><figure class=\"alignleft is-resized\"><a href=\"https:\/\/lesmundalettes.net\/wp-content\/uploads\/2019\/09\/Construction_accord-0.2.pdf\"><img loading=\"lazy\" decoding=\"async\" src=\"https:\/\/lesmundalettes.net\/wp-content\/uploads\/2019\/09\/file_document-download-arrow-512-e1568964706526.png\" alt=\"\" class=\"wp-image-601\" width=\"48\" height=\"48\"\/><\/a><figcaption>Construction accord<\/figcaption><\/figure><\/div>\n\n\n\n<p><\/p>\n","protected":false},"excerpt":{"rendered":"<p>Les intervalles Un intervalle est la distance entre 2 notes. Si on prend une note de r\u00e9f\u00e9rence, dite &lsquo;tonique&rsquo; ou &lsquo;fondamentale&rsquo; on va pouvoir situer une autre notre par rapport&hellip;<\/p>\n","protected":false},"author":1,"featured_media":0,"parent":0,"menu_order":0,"comment_status":"closed","ping_status":"closed","template":"","meta":{"footnotes":""},"class_list":["post-547","page","type-page","status-publish","hentry","no-post-thumbnail"],"_links":{"self":[{"href":"https:\/\/lesmundalettes.net\/index.php?rest_route=\/wp\/v2\/pages\/547","targetHints":{"allow":["GET"]}}],"collection":[{"href":"https:\/\/lesmundalettes.net\/index.php?rest_route=\/wp\/v2\/pages"}],"about":[{"href":"https:\/\/lesmundalettes.net\/index.php?rest_route=\/wp\/v2\/types\/page"}],"author":[{"embeddable":true,"href":"https:\/\/lesmundalettes.net\/index.php?rest_route=\/wp\/v2\/users\/1"}],"replies":[{"embeddable":true,"href":"https:\/\/lesmundalettes.net\/index.php?rest_route=%2Fwp%2Fv2%2Fcomments&post=547"}],"version-history":[{"count":0,"href":"https:\/\/lesmundalettes.net\/index.php?rest_route=\/wp\/v2\/pages\/547\/revisions"}],"wp:attachment":[{"href":"https:\/\/lesmundalettes.net\/index.php?rest_route=%2Fwp%2Fv2%2Fmedia&parent=547"}],"curies":[{"name":"wp","href":"https:\/\/api.w.org\/{rel}","templated":true}]}}