{"id":39,"date":"2017-12-15T16:46:32","date_gmt":"2017-12-15T15:46:32","guid":{"rendered":"http:\/\/lesmundalettes.net\/?page_id=39"},"modified":"2018-09-18T11:36:48","modified_gmt":"2018-09-18T09:36:48","slug":"acceuil","status":"publish","type":"page","link":"https:\/\/lesmundalettes.net\/","title":{"rendered":""},"content":{"rendered":"<p>Bienvenue sur ce site.<\/p>\n<p>Cet espace a \u00e9t\u00e9 cr\u00e9\u00e9 par un petit groupe de vieux guitaristes d\u00e9butants afin de simplifier l\u2019acc\u00e8s aux titres appris durant les cours.<\/p>\n<p>Ainsi chaque chanson a sa propre page qui regroupe au m\u00eame endroit tous les \u00e9l\u00e9ments pertinents n\u00e9cessaires \u00e0 son apprentissage et pratique.<\/p>\n<p>Bon amusement !<\/p>\n","protected":false},"excerpt":{"rendered":"<p>Bienvenue sur ce site. Cet espace a \u00e9t\u00e9 cr\u00e9\u00e9 par un petit groupe de vieux guitaristes d\u00e9butants afin de simplifier l\u2019acc\u00e8s aux titres appris durant les cours. Ainsi chaque chanson&hellip;<\/p>\n","protected":false},"author":1,"featured_media":0,"parent":0,"menu_order":0,"comment_status":"closed","ping_status":"closed","template":"","meta":{"footnotes":""},"class_list":["post-39","page","type-page","status-publish","hentry","no-post-thumbnail"],"_links":{"self":[{"href":"https:\/\/lesmundalettes.net\/index.php?rest_route=\/wp\/v2\/pages\/39","targetHints":{"allow":["GET"]}}],"collection":[{"href":"https:\/\/lesmundalettes.net\/index.php?rest_route=\/wp\/v2\/pages"}],"about":[{"href":"https:\/\/lesmundalettes.net\/index.php?rest_route=\/wp\/v2\/types\/page"}],"author":[{"embeddable":true,"href":"https:\/\/lesmundalettes.net\/index.php?rest_route=\/wp\/v2\/users\/1"}],"replies":[{"embeddable":true,"href":"https:\/\/lesmundalettes.net\/index.php?rest_route=%2Fwp%2Fv2%2Fcomments&post=39"}],"version-history":[{"count":0,"href":"https:\/\/lesmundalettes.net\/index.php?rest_route=\/wp\/v2\/pages\/39\/revisions"}],"wp:attachment":[{"href":"https:\/\/lesmundalettes.net\/index.php?rest_route=%2Fwp%2Fv2%2Fmedia&parent=39"}],"curies":[{"name":"wp","href":"https:\/\/api.w.org\/{rel}","templated":true}]}}