{"id":18,"date":"2017-12-15T15:15:39","date_gmt":"2017-12-15T14:15:39","guid":{"rendered":"http:\/\/lesmundalettes.net\/?page_id=18"},"modified":"2019-09-21T11:17:07","modified_gmt":"2019-09-21T09:17:07","slug":"outils","status":"publish","type":"page","link":"https:\/\/lesmundalettes.net\/?page_id=18","title":{"rendered":"Outils"},"content":{"rendered":"<p><a href=\"https:\/\/jguitar.com\/\" target=\"_blank\" rel=\"noopener noreferrer\">JGuitar<\/a><br \/>\nMoteur de recherche pour les accords<\/p>\n<p><a href=\"http:\/\/www.oolimo.com\/guitarchords\/analyze\" target=\"_blank\" rel=\"noopener noreferrer\">Chord analyzer<\/a><br \/>\nSuper site qui d\u00e9cortique le manche et les accords dans tous les sens<\/p>\n<p><a href=\"https:\/\/www.essyguitartab.com\/chords\" target=\"_blank\" rel=\"noopener noreferrer\">Essy Guitar Tab<\/a><br \/>\nTr\u00e8s pratique pour cr\u00e9er l&rsquo;image d&rsquo;un accord<\/p>\n<p><a href=\"https:\/\/www.acousterr.com\/tabmaker\" target=\"_blank\" rel=\"noopener noreferrer\">Acousterr Tabmaker<\/a><br \/>\nCreateur de tablature en ligne<\/p>\n<p><a href=\"https:\/\/play.riffstation.com\/\" target=\"_blank\" rel=\"noopener noreferrer\">Riffstation<\/a><br \/>\nLe karaoke mais pour le guitariste<\/p>\n<p><a href=\"https:\/\/www.guitarbackingtrack.com\/\" target=\"_blank\" rel=\"noopener noreferrer\">Guitar Backing Track<\/a><br \/>\nEnsemble de backing tracks libres de droits pour s&rsquo;entrainer<\/p>\n","protected":false},"excerpt":{"rendered":"<p>JGuitar Moteur de recherche pour les accords Chord analyzer Super site qui d\u00e9cortique le manche et les accords dans tous les sens Essy Guitar Tab Tr\u00e8s pratique pour cr\u00e9er l&rsquo;image&hellip;<\/p>\n","protected":false},"author":1,"featured_media":0,"parent":0,"menu_order":0,"comment_status":"closed","ping_status":"closed","template":"","meta":{"footnotes":""},"class_list":["post-18","page","type-page","status-publish","hentry","no-post-thumbnail"],"_links":{"self":[{"href":"https:\/\/lesmundalettes.net\/index.php?rest_route=\/wp\/v2\/pages\/18","targetHints":{"allow":["GET"]}}],"collection":[{"href":"https:\/\/lesmundalettes.net\/index.php?rest_route=\/wp\/v2\/pages"}],"about":[{"href":"https:\/\/lesmundalettes.net\/index.php?rest_route=\/wp\/v2\/types\/page"}],"author":[{"embeddable":true,"href":"https:\/\/lesmundalettes.net\/index.php?rest_route=\/wp\/v2\/users\/1"}],"replies":[{"embeddable":true,"href":"https:\/\/lesmundalettes.net\/index.php?rest_route=%2Fwp%2Fv2%2Fcomments&post=18"}],"version-history":[{"count":0,"href":"https:\/\/lesmundalettes.net\/index.php?rest_route=\/wp\/v2\/pages\/18\/revisions"}],"wp:attachment":[{"href":"https:\/\/lesmundalettes.net\/index.php?rest_route=%2Fwp%2Fv2%2Fmedia&parent=18"}],"curies":[{"name":"wp","href":"https:\/\/api.w.org\/{rel}","templated":true}]}}